{"id":156,"date":"2021-06-14T12:51:41","date_gmt":"2021-06-14T10:51:41","guid":{"rendered":"https:\/\/mpa-consulting.org\/fr\/?page_id=156"},"modified":"2022-01-27T19:17:15","modified_gmt":"2022-01-27T18:17:15","slug":"unternehmen","status":"publish","type":"page","link":"https:\/\/mpa-consulting.org\/fr\/","title":{"rendered":"MOUKOM PARTNER"},"content":{"rendered":"<h2><span style=\"color: #ffffff;\">.<\/span><\/h2>\n<h2 class=\"h2-serif\">MOUKOM PARTNER Consulting<\/h2>\n<p>Nous sommes heureux de vous accueillir sur le site Internet de MPA Consulting et vous remercions de l\u2019int\u00e9r\u00eat que vous portez \u00e0 notre offre de services.<\/p>\n<p>Le conseil individuel ainsi que l\u2019identification des objectifs et des exigences de notre client\u00e8le (clients, partenaires, candidats) sont aussi importants pour nous que le dialogue intensif et continu avec vous afin de cr\u00e9er des solutions personnalis\u00e9es.<\/p>\n<p>La combinaison de nos comp\u00e9tences en mati\u00e8re de conseil et de recherche constitue un avantage concurrentiel qui contribue au succ\u00e8s de nos clients.<\/p>\n<p><strong>MOUKOM PARTNER Consulting<\/strong> propose des services de grande qualit\u00e9, sp\u00e9cifiques \u00e0 diff\u00e9rents secteurs, dans les domaines du CONSEIL, des RESSOURCES HUMAINES et du DEVELOPPEMENT DES AFFAIRES EN AFRIQUE. Notre engagement personnel en tant qu\u2019entrepreneur \u00e0 contribuer au succ\u00e8s de nos clients est notre force motrice.<\/p>\n<p><span style=\"color: #ffffff;\">.<\/span><\/p>\n<p><span style=\"color: #ffffff;\">.<\/span><\/p>\n","protected":false},"excerpt":{"rendered":"<p>. MOUKOM PARTNER Consulting Nous sommes heureux de vous accueillir sur le site Internet de MPA Consulting et vous remercions de l\u2019int\u00e9r\u00eat que vous portez \u00e0 notre offre de services. Le conseil individuel ainsi que l\u2019identification des objectifs et des exigences de notre client\u00e8le (clients, partenaires, candidats) sont aussi importants pour nous que le dialogue [&hellip;]<\/p>\n","protected":false},"author":1,"featured_media":0,"parent":0,"menu_order":0,"comment_status":"closed","ping_status":"closed","template":"","meta":{"site-sidebar-layout":"default","site-content-layout":"default","ast-site-content-layout":"default","site-content-style":"default","site-sidebar-style":"default","ast-global-header-display":"","ast-banner-title-visibility":"","ast-main-header-display":"","ast-hfb-above-header-display":"","ast-hfb-below-header-display":"","ast-hfb-mobile-header-display":"","site-post-title":"","ast-breadcrumbs-content":"","ast-featured-img":"","footer-sml-layout":"","ast-disable-related-posts":"","theme-transparent-header-meta":"default","adv-header-id-meta":"","stick-header-meta":"","header-above-stick-meta":"","header-main-stick-meta":"","header-below-stick-meta":"","astra-migrate-meta-layouts":"default","ast-page-background-enabled":"default","ast-page-background-meta":{"desktop":{"background-color":"var(--ast-global-color-4)","background-image":"","background-repeat":"repeat","background-position":"center center","background-size":"auto","background-attachment":"scroll","background-type":"","background-media":"","overlay-type":"","overlay-color":"","overlay-opacity":"","overlay-gradient":""},"tablet":{"background-color":"","background-image":"","background-repeat":"repeat","background-position":"center center","background-size":"auto","background-attachment":"scroll","background-type":"","background-media":"","overlay-type":"","overlay-color":"","overlay-opacity":"","overlay-gradient":""},"mobile":{"background-color":"","background-image":"","background-repeat":"repeat","background-position":"center center","background-size":"auto","background-attachment":"scroll","background-type":"","background-media":"","overlay-type":"","overlay-color":"","overlay-opacity":"","overlay-gradient":""}},"ast-content-background-meta":{"desktop":{"background-color":"var(--ast-global-color-5)","background-image":"","background-repeat":"repeat","background-position":"center center","background-size":"auto","background-attachment":"scroll","background-type":"","background-media":"","overlay-type":"","overlay-color":"","overlay-opacity":"","overlay-gradient":""},"tablet":{"background-color":"var(--ast-global-color-5)","background-image":"","background-repeat":"repeat","background-position":"center center","background-size":"auto","background-attachment":"scroll","background-type":"","background-media":"","overlay-type":"","overlay-color":"","overlay-opacity":"","overlay-gradient":""},"mobile":{"background-color":"var(--ast-global-color-5)","background-image":"","background-repeat":"repeat","background-position":"center center","background-size":"auto","background-attachment":"scroll","background-type":"","background-media":"","overlay-type":"","overlay-color":"","overlay-opacity":"","overlay-gradient":""}},"footnotes":""},"class_list":["post-156","page","type-page","status-publish","hentry"],"_links":{"self":[{"href":"https:\/\/mpa-consulting.org\/fr\/wp-json\/wp\/v2\/pages\/156","targetHints":{"allow":["GET"]}}],"collection":[{"href":"https:\/\/mpa-consulting.org\/fr\/wp-json\/wp\/v2\/pages"}],"about":[{"href":"https:\/\/mpa-consulting.org\/fr\/wp-json\/wp\/v2\/types\/page"}],"author":[{"embeddable":true,"href":"https:\/\/mpa-consulting.org\/fr\/wp-json\/wp\/v2\/users\/1"}],"replies":[{"embeddable":true,"href":"https:\/\/mpa-consulting.org\/fr\/wp-json\/wp\/v2\/comments?post=156"}],"version-history":[{"count":37,"href":"https:\/\/mpa-consulting.org\/fr\/wp-json\/wp\/v2\/pages\/156\/revisions"}],"predecessor-version":[{"id":939,"href":"https:\/\/mpa-consulting.org\/fr\/wp-json\/wp\/v2\/pages\/156\/revisions\/939"}],"wp:attachment":[{"href":"https:\/\/mpa-consulting.org\/fr\/wp-json\/wp\/v2\/media?parent=156"}],"curies":[{"name":"wp","href":"https:\/\/api.w.org\/{rel}","templated":true}]}}