{"id":263,"date":"2021-06-14T15:48:28","date_gmt":"2021-06-14T13:48:28","guid":{"rendered":"https:\/\/mpa-consulting.org\/fr\/?page_id=263"},"modified":"2022-01-27T19:29:07","modified_gmt":"2022-01-27T18:29:07","slug":"consulting-in-der-energiewirtschaft-und-industrie-prozessorientierte-beratung","status":"publish","type":"page","link":"https:\/\/mpa-consulting.org\/fr\/consulting-in-der-energiewirtschaft-und-industrie-prozessorientierte-beratung\/","title":{"rendered":"CONSEIL dans le secteur de l\u2019\u00e9nergie et de l\u2019industrie \/ Conseil orient\u00e9 processus"},"content":{"rendered":"<h1 class=\"h1-sans\">MOUKOM PARTNER Consulting<\/h1>\n<p><span style=\"color: #ffffff;\">.<\/span><\/p>\n<h2 class=\"h2-serif\">CONSEIL dans le secteur de l\u2019\u00e9nergie et de l\u2019industrie \/ Conseil orient\u00e9 processus<\/h2>\n<p><strong>MOUKOM PARTNER Consulting<\/strong> s\u2019est fait un nom gr\u00e2ce \u00e0 une expertise \u00e9tendue dans les domaines de l\u2019industrie et du management ainsi qu\u2019\u00e0 une forte orientation vers la mise en \u0153uvre et le r\u00e9sultat. Nous sommes fiers de nos relations partenariales de longue date avec de nombreux clients de renom.<\/p>\n<p>La comp\u00e9tence cl\u00e9 de <strong>MOUKOM PARTNER Consulting<\/strong> est le conseil orient\u00e9 processus dans les secteurs de l\u2019approvisionnement \u00e9nerg\u00e9tique et de l\u2019industrie.<\/p>\n<p>Nous accompagnons avec beaucoup de succ\u00e8s les entreprises du secteur de l\u2019approvisionnement \u00e9nerg\u00e9tique, en tant que partenaire tr\u00e8s comp\u00e9tent dans diff\u00e9rents domaines. Le conseil technique, le conseil en organisation et le conseil en informatique dans le cadre de la lib\u00e9ralisation des march\u00e9s de l\u2019approvisionnement \u00e9nerg\u00e9tique sont quelques exemples de missions qui nous sont confi\u00e9es.<\/p>\n<p>Nos consultants hautement qualifi\u00e9s et exp\u00e9riment\u00e9s cr\u00e9ent la base de la r\u00e9ussite de votre entreprise et de sa croissance.<\/p>\n<p>Notre ambition est de contribuer au succ\u00e8s de nos clients.<span style=\"color: #ffffff;\">.<\/span><\/p>\n","protected":false},"excerpt":{"rendered":"<p>MOUKOM PARTNER Consulting . CONSEIL dans le secteur de l\u2019\u00e9nergie et de l\u2019industrie \/ Conseil orient\u00e9 processus MOUKOM PARTNER Consulting s\u2019est fait un nom gr\u00e2ce \u00e0 une expertise \u00e9tendue dans les domaines de l\u2019industrie et du management ainsi qu\u2019\u00e0 une forte orientation vers la mise en \u0153uvre et le r\u00e9sultat. Nous sommes fiers de nos [&hellip;]<\/p>\n","protected":false},"author":1,"featured_media":0,"parent":0,"menu_order":0,"comment_status":"closed","ping_status":"closed","template":"","meta":{"site-sidebar-layout":"default","site-content-layout":"default","ast-site-content-layout":"default","site-content-style":"default","site-sidebar-style":"default","ast-global-header-display":"","ast-banner-title-visibility":"","ast-main-header-display":"","ast-hfb-above-header-display":"","ast-hfb-below-header-display":"","ast-hfb-mobile-header-display":"","site-post-title":"","ast-breadcrumbs-content":"","ast-featured-img":"","footer-sml-layout":"","ast-disable-related-posts":"","theme-transparent-header-meta":"default","adv-header-id-meta":"","stick-header-meta":"","header-above-stick-meta":"","header-main-stick-meta":"","header-below-stick-meta":"","astra-migrate-meta-layouts":"default","ast-page-background-enabled":"default","ast-page-background-meta":{"desktop":{"background-color":"var(--ast-global-color-4)","background-image":"","background-repeat":"repeat","background-position":"center center","background-size":"auto","background-attachment":"scroll","background-type":"","background-media":"","overlay-type":"","overlay-color":"","overlay-opacity":"","overlay-gradient":""},"tablet":{"background-color":"","background-image":"","background-repeat":"repeat","background-position":"center center","background-size":"auto","background-attachment":"scroll","background-type":"","background-media":"","overlay-type":"","overlay-color":"","overlay-opacity":"","overlay-gradient":""},"mobile":{"background-color":"","background-image":"","background-repeat":"repeat","background-position":"center center","background-size":"auto","background-attachment":"scroll","background-type":"","background-media":"","overlay-type":"","overlay-color":"","overlay-opacity":"","overlay-gradient":""}},"ast-content-background-meta":{"desktop":{"background-color":"var(--ast-global-color-5)","background-image":"","background-repeat":"repeat","background-position":"center center","background-size":"auto","background-attachment":"scroll","background-type":"","background-media":"","overlay-type":"","overlay-color":"","overlay-opacity":"","overlay-gradient":""},"tablet":{"background-color":"var(--ast-global-color-5)","background-image":"","background-repeat":"repeat","background-position":"center center","background-size":"auto","background-attachment":"scroll","background-type":"","background-media":"","overlay-type":"","overlay-color":"","overlay-opacity":"","overlay-gradient":""},"mobile":{"background-color":"var(--ast-global-color-5)","background-image":"","background-repeat":"repeat","background-position":"center center","background-size":"auto","background-attachment":"scroll","background-type":"","background-media":"","overlay-type":"","overlay-color":"","overlay-opacity":"","overlay-gradient":""}},"footnotes":""},"class_list":["post-263","page","type-page","status-publish","hentry"],"_links":{"self":[{"href":"https:\/\/mpa-consulting.org\/fr\/wp-json\/wp\/v2\/pages\/263","targetHints":{"allow":["GET"]}}],"collection":[{"href":"https:\/\/mpa-consulting.org\/fr\/wp-json\/wp\/v2\/pages"}],"about":[{"href":"https:\/\/mpa-consulting.org\/fr\/wp-json\/wp\/v2\/types\/page"}],"author":[{"embeddable":true,"href":"https:\/\/mpa-consulting.org\/fr\/wp-json\/wp\/v2\/users\/1"}],"replies":[{"embeddable":true,"href":"https:\/\/mpa-consulting.org\/fr\/wp-json\/wp\/v2\/comments?post=263"}],"version-history":[{"count":14,"href":"https:\/\/mpa-consulting.org\/fr\/wp-json\/wp\/v2\/pages\/263\/revisions"}],"predecessor-version":[{"id":948,"href":"https:\/\/mpa-consulting.org\/fr\/wp-json\/wp\/v2\/pages\/263\/revisions\/948"}],"wp:attachment":[{"href":"https:\/\/mpa-consulting.org\/fr\/wp-json\/wp\/v2\/media?parent=263"}],"curies":[{"name":"wp","href":"https:\/\/api.w.org\/{rel}","templated":true}]}}