{"id":336,"date":"2021-06-15T10:50:08","date_gmt":"2021-06-15T08:50:08","guid":{"rendered":"https:\/\/mpa-consulting.org\/fr\/?page_id=336"},"modified":"2022-01-27T19:42:49","modified_gmt":"2022-01-27T18:42:49","slug":"warum-moukom-partner-consulting","status":"publish","type":"page","link":"https:\/\/mpa-consulting.org\/fr\/warum-moukom-partner-consulting\/","title":{"rendered":"MOUKOM PARTNER Consulting \/ BENEFICE CLIENT"},"content":{"rendered":"<h1 class=\"h1-sans\">MOUKOM PARTNER Consulting<\/h1>\n<p><span style=\"color: #ffffff;\">.<\/span><\/p>\n<h2>BENEFICE CLIENT<br \/>\net son avantage sp\u00e9cifique<\/h2>\n<p>Nous poss\u00e9dons de nombreuses ann\u00e9es d\u2019exp\u00e9rience dans les domaines mentionn\u00e9s\u00a0:<\/p>\n<ul>\n<li>conseil<\/li>\n<li>ressources humaines<\/li>\n<li>d\u00e9veloppement des affaires en Afrique.<\/li>\n<\/ul>\n<p>Nous vous proposons<\/p>\n<ul>\n<li>une action rapide et flexible, orient\u00e9e vers la solution<\/li>\n<li>une expertise hors pair dans tous les domaines concern\u00e9s<\/li>\n<li>un r\u00e9seau excellent et puissant<\/li>\n<li>l\u2019esprit d\u2019entreprise.<\/li>\n<\/ul>\n<p>Avec nous, vous r\u00e9duisez la dur\u00e9e et le co\u00fbt de votre projet d\u2019au moins 30%.<\/p>\n","protected":false},"excerpt":{"rendered":"<p>MOUKOM PARTNER Consulting . BENEFICE CLIENT et son avantage sp\u00e9cifique Nous poss\u00e9dons de nombreuses ann\u00e9es d\u2019exp\u00e9rience dans les domaines mentionn\u00e9s\u00a0: conseil ressources humaines d\u00e9veloppement des affaires en Afrique. Nous vous proposons une action rapide et flexible, orient\u00e9e vers la solution une expertise hors pair dans tous les domaines concern\u00e9s un r\u00e9seau excellent et puissant l\u2019esprit [&hellip;]<\/p>\n","protected":false},"author":1,"featured_media":0,"parent":0,"menu_order":0,"comment_status":"closed","ping_status":"closed","template":"","meta":{"site-sidebar-layout":"default","site-content-layout":"default","ast-site-content-layout":"default","site-content-style":"default","site-sidebar-style":"default","ast-global-header-display":"","ast-banner-title-visibility":"","ast-main-header-display":"","ast-hfb-above-header-display":"","ast-hfb-below-header-display":"","ast-hfb-mobile-header-display":"","site-post-title":"","ast-breadcrumbs-content":"","ast-featured-img":"","footer-sml-layout":"","ast-disable-related-posts":"","theme-transparent-header-meta":"default","adv-header-id-meta":"","stick-header-meta":"","header-above-stick-meta":"","header-main-stick-meta":"","header-below-stick-meta":"","astra-migrate-meta-layouts":"default","ast-page-background-enabled":"default","ast-page-background-meta":{"desktop":{"background-color":"var(--ast-global-color-4)","background-image":"","background-repeat":"repeat","background-position":"center center","background-size":"auto","background-attachment":"scroll","background-type":"","background-media":"","overlay-type":"","overlay-color":"","overlay-opacity":"","overlay-gradient":""},"tablet":{"background-color":"","background-image":"","background-repeat":"repeat","background-position":"center center","background-size":"auto","background-attachment":"scroll","background-type":"","background-media":"","overlay-type":"","overlay-color":"","overlay-opacity":"","overlay-gradient":""},"mobile":{"background-color":"","background-image":"","background-repeat":"repeat","background-position":"center center","background-size":"auto","background-attachment":"scroll","background-type":"","background-media":"","overlay-type":"","overlay-color":"","overlay-opacity":"","overlay-gradient":""}},"ast-content-background-meta":{"desktop":{"background-color":"var(--ast-global-color-5)","background-image":"","background-repeat":"repeat","background-position":"center center","background-size":"auto","background-attachment":"scroll","background-type":"","background-media":"","overlay-type":"","overlay-color":"","overlay-opacity":"","overlay-gradient":""},"tablet":{"background-color":"var(--ast-global-color-5)","background-image":"","background-repeat":"repeat","background-position":"center center","background-size":"auto","background-attachment":"scroll","background-type":"","background-media":"","overlay-type":"","overlay-color":"","overlay-opacity":"","overlay-gradient":""},"mobile":{"background-color":"var(--ast-global-color-5)","background-image":"","background-repeat":"repeat","background-position":"center center","background-size":"auto","background-attachment":"scroll","background-type":"","background-media":"","overlay-type":"","overlay-color":"","overlay-opacity":"","overlay-gradient":""}},"footnotes":""},"class_list":["post-336","page","type-page","status-publish","hentry"],"_links":{"self":[{"href":"https:\/\/mpa-consulting.org\/fr\/wp-json\/wp\/v2\/pages\/336","targetHints":{"allow":["GET"]}}],"collection":[{"href":"https:\/\/mpa-consulting.org\/fr\/wp-json\/wp\/v2\/pages"}],"about":[{"href":"https:\/\/mpa-consulting.org\/fr\/wp-json\/wp\/v2\/types\/page"}],"author":[{"embeddable":true,"href":"https:\/\/mpa-consulting.org\/fr\/wp-json\/wp\/v2\/users\/1"}],"replies":[{"embeddable":true,"href":"https:\/\/mpa-consulting.org\/fr\/wp-json\/wp\/v2\/comments?post=336"}],"version-history":[{"count":14,"href":"https:\/\/mpa-consulting.org\/fr\/wp-json\/wp\/v2\/pages\/336\/revisions"}],"predecessor-version":[{"id":954,"href":"https:\/\/mpa-consulting.org\/fr\/wp-json\/wp\/v2\/pages\/336\/revisions\/954"}],"wp:attachment":[{"href":"https:\/\/mpa-consulting.org\/fr\/wp-json\/wp\/v2\/media?parent=336"}],"curies":[{"name":"wp","href":"https:\/\/api.w.org\/{rel}","templated":true}]}}