{"id":372,"date":"2021-06-15T14:37:09","date_gmt":"2021-06-15T12:37:09","guid":{"rendered":"https:\/\/mpa-consulting.org\/fr\/?page_id=372"},"modified":"2022-01-27T19:46:47","modified_gmt":"2022-01-27T18:46:47","slug":"impressum","status":"publish","type":"page","link":"https:\/\/mpa-consulting.org\/fr\/impressum\/","title":{"rendered":"Mentions L\u00e9gales"},"content":{"rendered":"<h1 class=\"h1-sans\">MOUKOM PARTNER Consulting<\/h1>\n<h2 class=\"h2-serif\">MENTIONS L\u00c9GALES<\/h2>\n<h6>MOUKOM PARTNER Consulting<br \/>\nChristophe Moukom<br \/>\nSpinozastrasse 6<br \/>\n30625 Hannover<\/h6>\n<p>Tel.: <a href=\"tel:+491725115087\">+49 (0)172 511 50 87<\/a><br \/>\nE-Mail: <a href=\"mailto:christophe.moukom @ mpa-consulting.org\">christophe.moukom@mpa-consulting.org<\/a><\/p>\n<p>USt-ID: DE 177 347 117<\/p>\n<h5>Domains<\/h5>\n<p>mpa-consulting.org<br \/>\nmpa-associes.com<br \/>\nmpa-hr.de<\/p>\n<h5>Streitschlichtung<\/h5>\n<p>La Commission europ\u00e9enne met \u00e0 disposition une plateforme de r\u00e8glement en ligne des litiges (RLL)\u00a0:<br \/>\nhttps:\/\/ec.europa.eu\/consumers\/odr<br \/>\nJe ne suis pas dispos\u00e9 ou oblig\u00e9 de participer \u00e0 une proc\u00e9dure de r\u00e8glement des litiges devant une commission d\u2019arbitrage des consommateurs.s<\/p>\n<h5>Responsabilit\u00e9 des contenus<\/h5>\n<p class=\"J0lOec\"><span class=\"VIiyi\" lang=\"fr\"><span class=\"JLqJ4b ChMk0b\" data-language-for-alternatives=\"fr\" data-language-to-translate-into=\"de\" data-phrase-index=\"2\" data-number-of-phrases=\"9\">Le contenu de nos pages a \u00e9t\u00e9 cr\u00e9\u00e9 avec le plus grand soin.<\/span> <span class=\"JLqJ4b ChMk0b\" data-language-for-alternatives=\"fr\" data-language-to-translate-into=\"de\" data-phrase-index=\"3\" data-number-of-phrases=\"9\">Cependant, nous ne pouvons pas garantir que le contenu est correct, complet ou \u00e0 jour.<\/span> <span class=\"JLqJ4b ChMk0b\" data-language-for-alternatives=\"fr\" data-language-to-translate-into=\"de\" data-phrase-index=\"4\" data-number-of-phrases=\"9\">En tant que prestataire de services, nous sommes responsables de nos propres contenus sur ces pages conform\u00e9ment \u00e0 l&#8217;article 7, paragraphe 1 de la loi allemande sur les t\u00e9l\u00e9m\u00e9dias (TMG).<\/span> <span class=\"JLqJ4b ChMk0b\" data-language-for-alternatives=\"fr\" data-language-to-translate-into=\"de\" data-phrase-index=\"5\" data-number-of-phrases=\"9\">Conform\u00e9ment aux \u00a7\u00a7 8 \u00e0 10 TMG, nous ne sommes toutefois pas tenus, en tant que prestataire de services, de surveiller les informations transmises ou stock\u00e9es par des tiers ou d&#8217;enqu\u00eater sur les circonstances qui indiquent une activit\u00e9 ill\u00e9gale.<\/span> <span class=\"JLqJ4b ChMk0b\" data-language-for-alternatives=\"fr\" data-language-to-translate-into=\"de\" data-phrase-index=\"6\" data-number-of-phrases=\"9\">Les obligations de supprimer ou de bloquer l&#8217;utilisation des informations conform\u00e9ment aux lois g\u00e9n\u00e9rales restent inchang\u00e9es.<\/span> <span class=\"JLqJ4b ChMk0b\" data-language-for-alternatives=\"fr\" data-language-to-translate-into=\"de\" data-phrase-index=\"7\" data-number-of-phrases=\"9\">Toutefois, la responsabilit\u00e9 \u00e0 cet \u00e9gard n&#8217;est possible qu&#8217;\u00e0 partir du moment o\u00f9 la connaissance d&#8217;une infraction concr\u00e8te \u00e0 la loi est connue.<\/span> <span class=\"JLqJ4b ChMk0b\" data-language-for-alternatives=\"fr\" data-language-to-translate-into=\"de\" data-phrase-index=\"8\" data-number-of-phrases=\"9\">D\u00e8s que nous prendrons connaissance de toute violation de la loi, nous supprimerons imm\u00e9diatement ce contenu.<\/span><\/span><\/p>\n<div class=\"UdTY9 Yb6eTe\" aria-hidden=\"true\" data-location=\"2\">\n<div class=\"kO6q6e\"><\/div>\n<\/div>\n<h5>Responsabilit\u00e9 pour les liens<\/h5>\n<p>Notre offre contient des liens vers des sites Web externes de tiers, sur lesquels nous n&#8217;avons aucune influence. Par cons\u00e9quent, nous ne pouvons assumer aucune responsabilit\u00e9 pour ce contenu externe. Le fournisseur ou l&#8217;exploitant respectif des pages est toujours responsable du contenu des pages li\u00e9es. Les pages li\u00e9es ont \u00e9t\u00e9 v\u00e9rifi\u00e9es pour d&#8217;\u00e9ventuelles violations de la loi au moment de la liaison. Le contenu ill\u00e9gal n&#8217;\u00e9tait pas reconnaissable au moment de la cr\u00e9ation du lien. Cependant, un contr\u00f4le permanent du contenu des pages li\u00e9es n&#8217;est pas raisonnable sans preuves concr\u00e8tes d&#8217;une infraction. D\u00e8s que nous aurons connaissance de violations l\u00e9gales, nous supprimerons imm\u00e9diatement ces liens.<\/p>\n<h5>Droits d&#8217;auteur<\/h5>\n<p>Le contenu et les travaux sur ces pages cr\u00e9\u00e9s par les exploitants du site sont soumis \u00e0 la loi allemande sur le droit d&#8217;auteur. La duplication, l&#8217;\u00e9dition, la distribution et tout type d&#8217;exploitation en dehors des limites du droit d&#8217;auteur n\u00e9cessitent le consentement \u00e9crit de l&#8217;auteur ou du cr\u00e9ateur respectif. Les t\u00e9l\u00e9chargements et copies de ce site ne sont autoris\u00e9s que pour un usage priv\u00e9 et non commercial. Dans la mesure o\u00f9 le contenu de ce site n&#8217;a pas \u00e9t\u00e9 cr\u00e9\u00e9 par l&#8217;exploitant, les droits d&#8217;auteur de tiers sont respect\u00e9s. En particulier, les contenus de tiers sont signal\u00e9s comme tels. Si vous avez n\u00e9anmoins connaissance d&#8217;une violation du droit d&#8217;auteur, nous vous demandons de nous en informer en cons\u00e9quence. D\u00e8s que nous aurons connaissance de violations l\u00e9gales, nous supprimerons imm\u00e9diatement ce contenu.<\/p>\n<p><span style=\"color: #ffffff;\">.<\/span><\/p>\n","protected":false},"excerpt":{"rendered":"<p>MOUKOM PARTNER Consulting MENTIONS L\u00c9GALES MOUKOM PARTNER Consulting Christophe Moukom Spinozastrasse 6 30625 Hannover Tel.: +49 (0)172 511 50 87 E-Mail: christophe.moukom@mpa-consulting.org USt-ID: DE 177 347 117 Domains mpa-consulting.org mpa-associes.com mpa-hr.de Streitschlichtung La Commission europ\u00e9enne met \u00e0 disposition une plateforme de r\u00e8glement en ligne des litiges (RLL)\u00a0: https:\/\/ec.europa.eu\/consumers\/odr Je ne suis pas dispos\u00e9 ou oblig\u00e9 [&hellip;]<\/p>\n","protected":false},"author":1,"featured_media":0,"parent":0,"menu_order":0,"comment_status":"closed","ping_status":"closed","template":"","meta":{"site-sidebar-layout":"default","site-content-layout":"","ast-site-content-layout":"default","site-content-style":"default","site-sidebar-style":"default","ast-global-header-display":"","ast-banner-title-visibility":"","ast-main-header-display":"","ast-hfb-above-header-display":"","ast-hfb-below-header-display":"","ast-hfb-mobile-header-display":"","site-post-title":"","ast-breadcrumbs-content":"","ast-featured-img":"","footer-sml-layout":"","ast-disable-related-posts":"","theme-transparent-header-meta":"","adv-header-id-meta":"","stick-header-meta":"","header-above-stick-meta":"","header-main-stick-meta":"","header-below-stick-meta":"","astra-migrate-meta-layouts":"default","ast-page-background-enabled":"default","ast-page-background-meta":{"desktop":{"background-color":"var(--ast-global-color-4)","background-image":"","background-repeat":"repeat","background-position":"center center","background-size":"auto","background-attachment":"scroll","background-type":"","background-media":"","overlay-type":"","overlay-color":"","overlay-opacity":"","overlay-gradient":""},"tablet":{"background-color":"","background-image":"","background-repeat":"repeat","background-position":"center center","background-size":"auto","background-attachment":"scroll","background-type":"","background-media":"","overlay-type":"","overlay-color":"","overlay-opacity":"","overlay-gradient":""},"mobile":{"background-color":"","background-image":"","background-repeat":"repeat","background-position":"center center","background-size":"auto","background-attachment":"scroll","background-type":"","background-media":"","overlay-type":"","overlay-color":"","overlay-opacity":"","overlay-gradient":""}},"ast-content-background-meta":{"desktop":{"background-color":"var(--ast-global-color-5)","background-image":"","background-repeat":"repeat","background-position":"center center","background-size":"auto","background-attachment":"scroll","background-type":"","background-media":"","overlay-type":"","overlay-color":"","overlay-opacity":"","overlay-gradient":""},"tablet":{"background-color":"var(--ast-global-color-5)","background-image":"","background-repeat":"repeat","background-position":"center center","background-size":"auto","background-attachment":"scroll","background-type":"","background-media":"","overlay-type":"","overlay-color":"","overlay-opacity":"","overlay-gradient":""},"mobile":{"background-color":"var(--ast-global-color-5)","background-image":"","background-repeat":"repeat","background-position":"center center","background-size":"auto","background-attachment":"scroll","background-type":"","background-media":"","overlay-type":"","overlay-color":"","overlay-opacity":"","overlay-gradient":""}},"footnotes":""},"class_list":["post-372","page","type-page","status-publish","hentry"],"_links":{"self":[{"href":"https:\/\/mpa-consulting.org\/fr\/wp-json\/wp\/v2\/pages\/372","targetHints":{"allow":["GET"]}}],"collection":[{"href":"https:\/\/mpa-consulting.org\/fr\/wp-json\/wp\/v2\/pages"}],"about":[{"href":"https:\/\/mpa-consulting.org\/fr\/wp-json\/wp\/v2\/types\/page"}],"author":[{"embeddable":true,"href":"https:\/\/mpa-consulting.org\/fr\/wp-json\/wp\/v2\/users\/1"}],"replies":[{"embeddable":true,"href":"https:\/\/mpa-consulting.org\/fr\/wp-json\/wp\/v2\/comments?post=372"}],"version-history":[{"count":9,"href":"https:\/\/mpa-consulting.org\/fr\/wp-json\/wp\/v2\/pages\/372\/revisions"}],"predecessor-version":[{"id":956,"href":"https:\/\/mpa-consulting.org\/fr\/wp-json\/wp\/v2\/pages\/372\/revisions\/956"}],"wp:attachment":[{"href":"https:\/\/mpa-consulting.org\/fr\/wp-json\/wp\/v2\/media?parent=372"}],"curies":[{"name":"wp","href":"https:\/\/api.w.org\/{rel}","templated":true}]}}