{"id":673,"date":"2021-09-14T14:18:46","date_gmt":"2021-09-14T12:18:46","guid":{"rendered":"https:\/\/mpa-consulting.org\/fr\/?page_id=673"},"modified":"2022-01-27T19:21:06","modified_gmt":"2022-01-27T18:21:06","slug":"unternehmen-2","status":"publish","type":"page","link":"https:\/\/mpa-consulting.org\/fr\/unternehmen-2\/","title":{"rendered":"Entreprise"},"content":{"rendered":"<h1 class=\"h1-sans\">MOUKOM PARTNER Consulting<\/h1>\n<p><span style=\"color: #ffffff;\">.<\/span><\/p>\n<h2 class=\"h2-serif\">ENTREPRISE<span style=\"color: #ffffff;\">.<\/span><\/h2>\n<p><strong>MOUKOM PARTNER Consulting <\/strong>propose des services de grande qualit\u00e9, sp\u00e9cifiques \u00e0 diff\u00e9rents secteurs, dans les domaines du CONSEIL, des RESSOURCES HUMAINES et du DEVELOPPEMENT DES AFFAIRES EN AFRIQUE. Notre engagement personnel en tant qu\u2019entrepreneur \u00e0 contribuer au succ\u00e8s de nos clients est notre force motrice.<\/p>\n<p>Consultants hautement qualifi\u00e9s et exp\u00e9riment\u00e9s, nous cr\u00e9ons la base de la r\u00e9ussite de votre entreprise et de sa croissance. Notre ambition est de contribuer au succ\u00e8s de nos clients.<\/p>\n<p>\u00ab\u00a0Ce n\u2019est pas la strat\u00e9gie elle-m\u00eame, mais seulement la mise en \u0153uvre coh\u00e9rente des objectifs formul\u00e9s qui conduit \u00e0 une am\u00e9lioration durable\u00a0\u00bb.<\/p>\n<p>En suivant cette conviction, nous aidons nos clients \u00e0 d\u00e9velopper des mod\u00e8les d\u2019affaires et \u00e0 les mettre en \u0153uvre avec succ\u00e8s. Nos connaissances sectorielles, techniques et m\u00e9thodologiques solides font de nous un partenaire comp\u00e9tent et fiable pour mener \u00e0 bien des missions techniques, technologiques et organisationnelles exigeantes.<\/p>\n<p>\u00a0<\/p>\n\n\n<div class=\"wp-block-group is-layout-flow wp-block-group-is-layout-flow\"><div class=\"wp-block-group__inner-container\"><\/div><\/div>\n","protected":false},"excerpt":{"rendered":"<p>MOUKOM PARTNER Consulting . ENTREPRISE. MOUKOM PARTNER Consulting propose des services de grande qualit\u00e9, sp\u00e9cifiques \u00e0 diff\u00e9rents secteurs, dans les domaines du CONSEIL, des RESSOURCES HUMAINES et du DEVELOPPEMENT DES AFFAIRES EN AFRIQUE. Notre engagement personnel en tant qu\u2019entrepreneur \u00e0 contribuer au succ\u00e8s de nos clients est notre force motrice. Consultants hautement qualifi\u00e9s et exp\u00e9riment\u00e9s, [&hellip;]<\/p>\n","protected":false},"author":1,"featured_media":0,"parent":0,"menu_order":0,"comment_status":"closed","ping_status":"closed","template":"","meta":{"site-sidebar-layout":"default","site-content-layout":"default","ast-site-content-layout":"default","site-content-style":"default","site-sidebar-style":"default","ast-global-header-display":"","ast-banner-title-visibility":"","ast-main-header-display":"","ast-hfb-above-header-display":"","ast-hfb-below-header-display":"","ast-hfb-mobile-header-display":"","site-post-title":"","ast-breadcrumbs-content":"","ast-featured-img":"","footer-sml-layout":"","ast-disable-related-posts":"","theme-transparent-header-meta":"default","adv-header-id-meta":"","stick-header-meta":"","header-above-stick-meta":"","header-main-stick-meta":"","header-below-stick-meta":"","astra-migrate-meta-layouts":"default","ast-page-background-enabled":"default","ast-page-background-meta":{"desktop":{"background-color":"var(--ast-global-color-4)","background-image":"","background-repeat":"repeat","background-position":"center center","background-size":"auto","background-attachment":"scroll","background-type":"","background-media":"","overlay-type":"","overlay-color":"","overlay-opacity":"","overlay-gradient":""},"tablet":{"background-color":"","background-image":"","background-repeat":"repeat","background-position":"center center","background-size":"auto","background-attachment":"scroll","background-type":"","background-media":"","overlay-type":"","overlay-color":"","overlay-opacity":"","overlay-gradient":""},"mobile":{"background-color":"","background-image":"","background-repeat":"repeat","background-position":"center center","background-size":"auto","background-attachment":"scroll","background-type":"","background-media":"","overlay-type":"","overlay-color":"","overlay-opacity":"","overlay-gradient":""}},"ast-content-background-meta":{"desktop":{"background-color":"var(--ast-global-color-5)","background-image":"","background-repeat":"repeat","background-position":"center center","background-size":"auto","background-attachment":"scroll","background-type":"","background-media":"","overlay-type":"","overlay-color":"","overlay-opacity":"","overlay-gradient":""},"tablet":{"background-color":"var(--ast-global-color-5)","background-image":"","background-repeat":"repeat","background-position":"center center","background-size":"auto","background-attachment":"scroll","background-type":"","background-media":"","overlay-type":"","overlay-color":"","overlay-opacity":"","overlay-gradient":""},"mobile":{"background-color":"var(--ast-global-color-5)","background-image":"","background-repeat":"repeat","background-position":"center center","background-size":"auto","background-attachment":"scroll","background-type":"","background-media":"","overlay-type":"","overlay-color":"","overlay-opacity":"","overlay-gradient":""}},"footnotes":""},"class_list":["post-673","page","type-page","status-publish","hentry"],"_links":{"self":[{"href":"https:\/\/mpa-consulting.org\/fr\/wp-json\/wp\/v2\/pages\/673","targetHints":{"allow":["GET"]}}],"collection":[{"href":"https:\/\/mpa-consulting.org\/fr\/wp-json\/wp\/v2\/pages"}],"about":[{"href":"https:\/\/mpa-consulting.org\/fr\/wp-json\/wp\/v2\/types\/page"}],"author":[{"embeddable":true,"href":"https:\/\/mpa-consulting.org\/fr\/wp-json\/wp\/v2\/users\/1"}],"replies":[{"embeddable":true,"href":"https:\/\/mpa-consulting.org\/fr\/wp-json\/wp\/v2\/comments?post=673"}],"version-history":[{"count":19,"href":"https:\/\/mpa-consulting.org\/fr\/wp-json\/wp\/v2\/pages\/673\/revisions"}],"predecessor-version":[{"id":941,"href":"https:\/\/mpa-consulting.org\/fr\/wp-json\/wp\/v2\/pages\/673\/revisions\/941"}],"wp:attachment":[{"href":"https:\/\/mpa-consulting.org\/fr\/wp-json\/wp\/v2\/media?parent=673"}],"curies":[{"name":"wp","href":"https:\/\/api.w.org\/{rel}","templated":true}]}}